{"id":3780,"date":"2022-02-26T01:42:07","date_gmt":"2022-02-26T04:42:07","guid":{"rendered":"https:\/\/accesstojusticeamericas.org\/v3\/?page_id=3780"},"modified":"2022-03-23T13:41:17","modified_gmt":"2022-03-23T16:41:17","slug":"project","status":"publish","type":"page","link":"https:\/\/accesstojusticeamericas.org\/pb\/project\/","title":{"rendered":"Projeto"},"content":{"rendered":"<div class=\"wp-block-columns is-layout-flex wp-container-core-columns-is-layout-28f84493 wp-block-columns-is-layout-flex\">\r\n<div class=\"wp-block-column text-justified px-3 is-layout-flow wp-block-column-is-layout-flow\" style=\"flex-basis: 55%;\">\r\n<p>A hist\u00f3ria<\/p>\r\n\r\n\r\n\r\n<h2 class=\"wp-block-heading\" id=\"access-to-justice-in-the-americas-project\">Projeto Acesso \u00e0 Justi\u00e7a nas Am\u00e9ricas<\/h2>\r\n\r\n\r\n\r\n<p>A ideia do projeto Acesso \u00e0 Justi\u00e7a nas Am\u00e9ricas nasceu no F\u00f3rum Justi\u00e7a, uma organiza\u00e7\u00e3o brasileira que promove o di\u00e1logo entre movimentos sociais, o sistema de justi\u00e7a e a academia em torno de pol\u00edticas que promovam a democracia por meio de um modelo de justi\u00e7a integrador. A proposta para o Acesso \u00e0 Justi\u00e7a nas Am\u00e9ricas foi apresentada pela primeira vez durante o III Semin\u00e1rio Internacional \u201cDemocracia e a Defensoria P\u00fablica na Am\u00e9rica Latina\u201d, realizado no Rio de Janeiro em 2019 e organizado pelo Grupo de Trabalho Ibero Latino-Americano (GT ILA) do FJ, mas seu contexto hist\u00f3rico come\u00e7a em 2015, com a realiza\u00e7\u00e3o de dois semin\u00e1rios internacionais, realizados no Rio de Janeiro para discutir \u201cPol\u00edtica judicial latino-americana em uma  perspectiva da Defensoria P\u00fablica\u201d e \u201cA Reforma Judicial no Brasil em uma perspectiva latino-americana\u201d. A proposta logo envolveu parceiros no Canad\u00e1 e incorporou contribui\u00e7\u00f5es da comunidade angl\u00f3fona e franc\u00f3fona, tornando-se assim um projeto de escala interamericana.<\/p>\r\n\r\n\r\n\r\n<p>O projeto \u00e9 um esfor\u00e7o multicultural que re\u00fane uma rede de ativistas, professoras (es), pesquisadoras (es), advogadas (os), e defensoras (es) p\u00fablicas (os) nas Am\u00e9ricas, que t\u00eam percep\u00e7\u00f5es relevantes sobre as diversas  respostas sociojur\u00eddicas que v\u00eam surgindo frente \u00e0s necessidades de grupos em situa\u00e7\u00e3o de vulnerabilidade, que incluem a participa\u00e7\u00e3o desses grupos. Queremos analisar as vantagens e limites dos atuais projetos institucionais, informar sobre as melhores pr\u00e1ticas, expandir a rede de defensores dos direitos humanos e propor solu\u00e7\u00f5es originais para um sistema de justi\u00e7a mais acess\u00edvel.<\/p>\r\n\r\n\r\n\r\n<p>No entanto, o projeto n\u00e3o \u00e9 somente sobre circula\u00e7\u00e3o de conhecimento. Queremos fomentar la\u00e7os pol\u00edticos que possam identificar o campo emergente da internacionaliza\u00e7\u00e3o do tema do acesso \u00e0 justi\u00e7a, pois ela sempre se constitui como uma estrat\u00e9gia para atrair aten\u00e7\u00e3o para problemas relevantes.<\/p>\r\n\r\n\r\n\r\n<p>O ponto principal \u00e9 alavancar os atores enraizados em contextos locais, fornecendo-lhes os recursos que um campo mais internacionalizado pode oferecer: o reconhecimento das suas lutas, um p\u00fablico mais diverso e qualificado para ouvir suas demandas, redes de contato e, com isso, empoder\u00e1-los para perseguirem seus objetivos locais.<\/p>\r\n<\/div>\r\n\r\n\r\n\r\n<div class=\"wp-block-column is-vertically-aligned-center side-column is-layout-flow wp-block-column-is-layout-flow\">\r\n<div class=\"wp-block-cover aligncenter is-style-default coblocks-animate wp-duotone-000097-ff4747-4\" style=\"min-height: 578px;aspect-ratio:unset;\" data-coblocks-animation=\"slideInRight\">\r\n<div class=\"wp-block-cover__inner-container is-layout-flow wp-block-cover-is-layout-flow\">\r\n<div class=\"wp-block-image\">\r\n<figure class=\"aligncenter size-full\"><img loading=\"lazy\" decoding=\"async\" width=\"339\" height=\"356\" class=\"wp-image-4454\" src=\"https:\/\/accesstojusticeamericas.org\/wp-content\/uploads\/2022\/03\/Logo-do-AJA-em-Quatro-Li\u0301nguas.png\" alt=\"\" srcset=\"https:\/\/accesstojusticeamericas.org\/wp-content\/uploads\/2022\/03\/Logo-do-AJA-em-Quatro-Li\u0301nguas.png 339w, https:\/\/accesstojusticeamericas.org\/wp-content\/uploads\/2022\/03\/Logo-do-AJA-em-Quatro-Li\u0301nguas-286x300.png 286w\" sizes=\"auto, (max-width: 339px) 100vw, 339px\" \/><\/figure>\r\n<\/div>\r\n\r\n\r\n\r\n<p class=\"has-text-align-center has-black-color has-text-color\">Nossos valores incluem a aten\u00e7\u00e3o \u00e0 diversidade geogr\u00e1fica e cultural, a presen\u00e7a de artigos em cada um dos quatro idiomas, apoio para an\u00e1lises cr\u00edticas e cient\u00edficas que utilizam uma estrutura te\u00f3rica consistente e dados precisos, respeito pelo modelo de revis\u00e3o cega por pares e a prote\u00e7\u00e3o e promo\u00e7\u00e3o do bem-estar de popula\u00e7\u00f5es em situa\u00e7\u00e3o de vulnerabilidade.<\/p>\r\n\r\n\r\n<hr class=\"wp-block-separator\" \/>\r\n\r\n\r\n<p class=\"has-text-align-center has-black-color has-text-color\">Nossa vis\u00e3o \u00e9 tornar este projeto refer\u00eancia em di\u00e1logo intercultural e interinstitucional de alta qualidade no campo do acesso \u00e0 justi\u00e7a e a pol\u00edtica judicial nas Am\u00e9ricas.<\/p>\r\n\r\n\r\n<hr class=\"wp-block-separator\" \/>\r\n\r\n\r\n<p class=\"has-text-align-center has-black-color has-text-color\">Nossa miss\u00e3o \u00e9 promover publica\u00e7\u00f5es e encontros com atores de diferentes regi\u00f5es e idiomas, de forma horizontal e construtiva. Tamb\u00e9m envolve a promo\u00e7\u00e3o de abordagens jur\u00eddicas baseadas em pesquisas sobre experi\u00eancias concretas, dados ou pol\u00edticas p\u00fablicas, para superar o dom\u00ednio do tradicional dogmatismo jur\u00eddico.<\/p>\r\n\r\n\r\n<hr class=\"wp-block-separator has-text-color has-background has-ast-global-color-8-background-color has-ast-global-color-8-color is-style-default\" \/>\r\n\r\n\r\n<div style=\"display: inline-flex; align-items: center; justify-content: center; color: #000; flex-wrap: wrap; gap: 1em;\">\r\n<div style=\"display: inline-flex; align-items: center; justify-content: center;\"><span style=\"font-family: 'DM Serif Display'; font-size: 69px;\">01<\/span> <span style=\"font: Barlow; font-weight: 600;\">Livro Publicado<\/span><\/div>\r\n<div style=\"display: inline-flex; align-items: center; justify-content: center;\">\r\n<div style=\"font-family: 'DM Serif Display'; font-size: 69px;\">18<\/div>\r\n<div>Artigos<\/div>\r\n<\/div>\r\n<\/div>\r\n<\/div>\r\n<\/div>\r\n<\/div>\r\n<\/div>\r\n\r\n<p>&nbsp;<\/p>\r\n\r\n<h2 class=\"wp-block-heading\" id=\"people\">Equipe<\/h2>\r\n\r\n<p>&nbsp;<\/p>\r\n\r\n<div class=\"wp-block-query is-layout-flow wp-block-query-is-layout-flow\"><ul class=\"is-flex-container columns-2 wp-block-post-template is-layout-flow wp-block-post-template-is-layout-flow\"><li class=\"wp-block-post post-3735 page type-page status-publish has-post-thumbnail hentry page_type-project\">\r\n\r\n<figure class=\"wp-block-post-featured-image\"><a href=\"https:\/\/accesstojusticeamericas.org\/pb\/project\/editors-and-reviewers\/\" target=\"_self\"  ><img loading=\"lazy\" decoding=\"async\" width=\"1024\" height=\"685\" src=\"https:\/\/accesstojusticeamericas.org\/wp-content\/uploads\/2021\/07\/letters-numbers-blocks-691842-1024x685-1.jpg\" class=\"attachment-post-thumbnail size-post-thumbnail wp-post-image\" alt=\"Editores e Revisores\" style=\"object-fit:cover;\" srcset=\"https:\/\/accesstojusticeamericas.org\/wp-content\/uploads\/2021\/07\/letters-numbers-blocks-691842-1024x685-1.jpg 1024w, https:\/\/accesstojusticeamericas.org\/wp-content\/uploads\/2021\/07\/letters-numbers-blocks-691842-1024x685-1-300x201.jpg 300w, https:\/\/accesstojusticeamericas.org\/wp-content\/uploads\/2021\/07\/letters-numbers-blocks-691842-1024x685-1-768x514.jpg 768w\" sizes=\"auto, (max-width: 1024px) 100vw, 1024px\" \/><\/a><\/figure>\r\n\r\n\r\n<div class=\"wp-block-spacer\" style=\"height: 20px;\" aria-hidden=\"true\">\u00a0<\/div>\r\n\r\n\r\n<h3 class=\"has-text-align-center wp-block-post-title has-medium-font-size\"><a href=\"https:\/\/accesstojusticeamericas.org\/pb\/project\/editors-and-reviewers\/\" target=\"_self\" >Editores e Revisores<\/a><\/h3> <\/li><li class=\"wp-block-post post-3799 page type-page status-publish has-post-thumbnail hentry page_type-project\">\r\n\r\n<figure class=\"wp-block-post-featured-image\"><a href=\"https:\/\/accesstojusticeamericas.org\/pb\/project\/authors\/\" target=\"_self\"  ><img loading=\"lazy\" decoding=\"async\" width=\"1024\" height=\"678\" src=\"https:\/\/accesstojusticeamericas.org\/wp-content\/uploads\/2021\/07\/vintage-typewriter-letters-2608934-1024x678-1.jpg\" class=\"attachment-post-thumbnail size-post-thumbnail wp-post-image\" alt=\"Autores e Autoras\" style=\"object-fit:cover;\" srcset=\"https:\/\/accesstojusticeamericas.org\/wp-content\/uploads\/2021\/07\/vintage-typewriter-letters-2608934-1024x678-1.jpg 1024w, https:\/\/accesstojusticeamericas.org\/wp-content\/uploads\/2021\/07\/vintage-typewriter-letters-2608934-1024x678-1-300x199.jpg 300w, https:\/\/accesstojusticeamericas.org\/wp-content\/uploads\/2021\/07\/vintage-typewriter-letters-2608934-1024x678-1-768x509.jpg 768w\" sizes=\"auto, (max-width: 1024px) 100vw, 1024px\" \/><\/a><\/figure>\r\n\r\n\r\n<div class=\"wp-block-spacer\" style=\"height: 20px;\" aria-hidden=\"true\">\u00a0<\/div>\r\n\r\n\r\n<h3 class=\"has-text-align-center wp-block-post-title has-medium-font-size\"><a href=\"https:\/\/accesstojusticeamericas.org\/pb\/project\/authors\/\" target=\"_self\" >Autores e Autoras<\/a><\/h3> <\/li><\/ul><\/div>","protected":false},"excerpt":{"rendered":"<p>A hist\u00f3ria Projeto Acesso \u00e0 Justi\u00e7a nas Am\u00e9ricas A ideia do projeto Acesso \u00e0 Justi\u00e7a nas Am\u00e9ricas nasceu no F\u00f3rum Justi\u00e7a, uma organiza\u00e7\u00e3o brasileira que promove o di\u00e1logo entre movimentos sociais, o sistema de justi\u00e7a e a academia em torno de pol\u00edticas que promovam a democracia por meio de um modelo de justi\u00e7a integrador. A [&hellip;]<\/p>\n","protected":false},"author":6,"featured_media":0,"parent":0,"menu_order":3,"comment_status":"closed","ping_status":"closed","template":"","meta":{"site-sidebar-layout":"default","site-content-layout":"default","ast-site-content-layout":"","site-content-style":"default","site-sidebar-style":"default","ast-global-header-display":"","ast-banner-title-visibility":"","ast-main-header-display":"","ast-hfb-above-header-display":"","ast-hfb-below-header-display":"","ast-hfb-mobile-header-display":"","site-post-title":"","ast-breadcrumbs-content":"","ast-featured-img":"","footer-sml-layout":"","theme-transparent-header-meta":"","adv-header-id-meta":"","stick-header-meta":"","header-above-stick-meta":"","header-main-stick-meta":"","header-below-stick-meta":"","astra-migrate-meta-layouts":"default","ast-page-background-enabled":"default","ast-page-background-meta":{"desktop":{"background-color":"","background-image":"","background-repeat":"repeat","background-position":"center center","background-size":"auto","background-attachment":"scroll","background-type":"","background-media":"","overlay-type":"","overlay-color":"","overlay-opacity":"","overlay-gradient":""},"tablet":{"background-color":"","background-image":"","background-repeat":"repeat","background-position":"center center","background-size":"auto","background-attachment":"scroll","background-type":"","background-media":"","overlay-type":"","overlay-color":"","overlay-opacity":"","overlay-gradient":""},"mobile":{"background-color":"","background-image":"","background-repeat":"repeat","background-position":"center center","background-size":"auto","background-attachment":"scroll","background-type":"","background-media":"","overlay-type":"","overlay-color":"","overlay-opacity":"","overlay-gradient":""}},"ast-content-background-meta":{"desktop":{"background-color":"var(--ast-global-color-5)","background-image":"","background-repeat":"repeat","background-position":"center center","background-size":"auto","background-attachment":"scroll","background-type":"","background-media":"","overlay-type":"","overlay-color":"","overlay-opacity":"","overlay-gradient":""},"tablet":{"background-color":"var(--ast-global-color-5)","background-image":"","background-repeat":"repeat","background-position":"center center","background-size":"auto","background-attachment":"scroll","background-type":"","background-media":"","overlay-type":"","overlay-color":"","overlay-opacity":"","overlay-gradient":""},"mobile":{"background-color":"var(--ast-global-color-5)","background-image":"","background-repeat":"repeat","background-position":"center center","background-size":"auto","background-attachment":"scroll","background-type":"","background-media":"","overlay-type":"","overlay-color":"","overlay-opacity":"","overlay-gradient":""}},"footnotes":""},"institution-":[],"class_list":["post-3780","page","type-page","status-publish","hentry"],"_links":{"self":[{"href":"https:\/\/accesstojusticeamericas.org\/pb\/wp-json\/wp\/v2\/pages\/3780","targetHints":{"allow":["GET"]}}],"collection":[{"href":"https:\/\/accesstojusticeamericas.org\/pb\/wp-json\/wp\/v2\/pages"}],"about":[{"href":"https:\/\/accesstojusticeamericas.org\/pb\/wp-json\/wp\/v2\/types\/page"}],"author":[{"embeddable":true,"href":"https:\/\/accesstojusticeamericas.org\/pb\/wp-json\/wp\/v2\/users\/6"}],"replies":[{"embeddable":true,"href":"https:\/\/accesstojusticeamericas.org\/pb\/wp-json\/wp\/v2\/comments?post=3780"}],"version-history":[{"count":30,"href":"https:\/\/accesstojusticeamericas.org\/pb\/wp-json\/wp\/v2\/pages\/3780\/revisions"}],"predecessor-version":[{"id":4641,"href":"https:\/\/accesstojusticeamericas.org\/pb\/wp-json\/wp\/v2\/pages\/3780\/revisions\/4641"}],"wp:attachment":[{"href":"https:\/\/accesstojusticeamericas.org\/pb\/wp-json\/wp\/v2\/media?parent=3780"}],"wp:term":[{"taxonomy":"page_type","embeddable":true,"href":"https:\/\/accesstojusticeamericas.org\/pb\/wp-json\/wp\/v2\/institution-?post=3780"}],"curies":[{"name":"wp","href":"https:\/\/api.w.org\/{rel}","templated":true}]}}