{"id":3780,"date":"2022-02-26T01:42:07","date_gmt":"2022-02-26T04:42:07","guid":{"rendered":"https:\/\/accesstojusticeamericas.org\/v3\/?page_id=3780"},"modified":"2022-03-23T13:41:17","modified_gmt":"2022-03-23T16:41:17","slug":"project","status":"publish","type":"page","link":"https:\/\/accesstojusticeamericas.org\/fr\/project\/","title":{"rendered":"Projet"},"content":{"rendered":"<div class=\"wp-block-columns is-layout-flex wp-container-core-columns-is-layout-28f84493 wp-block-columns-is-layout-flex\">\r\n<div class=\"wp-block-column text-justified px-3 is-layout-flow wp-block-column-is-layout-flow\" style=\"flex-basis: 55%;\">\r\n<p>L&rsquo;histoire du<\/p>\r\n\r\n\r\n\r\n<h2 class=\"wp-block-heading\" id=\"access-to-justice-in-the-americas-project\">Projet Acc\u00e8s \u00e0 la Justice dans les Am\u00e9riques<\/h2>\r\n\r\n\r\n\r\n<p>L\u2019ide\u00e9 du projet Acess \u00e0 la Justice dans les Am\u00e9riques est n\u00e9e dans le Forum Justice, une organisation br\u00e9silienee qui promeut le dialogue entre les mouvements sociaux, le syst\u00e8me judiciaire e l\u2019acad\u00e9mie autour de politiques qui favorisent la d\u00e9mocratie \u00e0 travers un mod\u00e8le de justice int\u00e9grative. La proposition du projet Acess \u00e0 la Justice dans les Am\u00e9riques a \u00e9t\u00e9 pr\u00e9sent\u00e9e pour la premi\u00e8re fois lors du Seminaire International \u00ab D\u00e9mocratie et Bureau du D\u00e9fenseur public en Am\u00e9rique latine \u00bb, qui s\u2019est tenu \u00e0 Rio de Janeiro en 2019 et qui a \u00e9t\u00e9 organis\u00e9 par le groupe de travail ib\u00e9ro-latin-am\u00e9ricaine (GT ILA) du Forum Justice mais son context historique commence en 2015 avec la r\u00e9alisation de deux s\u00e9minaires internationaux organis\u00e9s \u00e0 Rio de Janeiro pour discuter \u00ab La politique judiciaire latino-am\u00e9ricaine du point de vue du bureau du d\u00e9fenseur public \u00bb et \u00ab La R\u00e9forme judiciaire au Br\u00e9sil du point de vue latino-am\u00e9ricaine \u00bb. La proposition a rapidament impliqu\u00e9 des partenaires au Canada et incorpor\u00e9 des contributions des communaut\u00e9s anglophones et francophones, devenant ainsi un projet interam\u00e9ricaine.<\/p>\r\n\r\n\r\n\r\n<p>Le projet est un effort multiculturel qui rassemble un r\u00e9seau d\u2019activistes, enseignants, chercheur.ses, avoc\u00e1t.es, et d\u00e9fenseurs et d\u00e9fenseuses publics dans les Am\u00e9riques qui ont des connaisances pertinentes sur les diff\u00e9rentes r\u00e9ponses socio-juridiques qui ont \u00e9t\u00e9 d\u00e9velopp\u00e9s pour r\u00e9pondre aux besoins des groupes en situation de vuln\u00e9rabilit\u00e9 et qui incluent leur participation. Nous voulons analyser les avantages et les limites des projets institutionnels actuels, informer sur les meilleurs pratiques, \u00e9tendre le r\u00e9seau des d\u00e9fenseurs et d\u00e9fenseuses des droits de l\u2019homme et proposer des solutions originales pour une justice plus accessible.<\/p>\r\n\r\n\r\n\r\n<p>Toutefois, le projet ne concerne pas seulement la circulation des connaisances. Nous voulons d\u00e9velopper des liens politiques qui puissent identifier le champ \u00e9mergent de l\u2019internationalisation de la question de l\u2019\u00e1cc\u00e8s \u00e0 la justice car cela constitue toujours une strat\u00e9gie pour attirer l\u2019atention sur les probl\u00e8mes pertinents.<\/p>\r\n\r\n\r\n\r\n<p>Le point essentiel est de valoriser les acteurs ancr\u00e9s dans les contextes locauxen leur apportant les ressources qu\u2019un champ plus internationalis\u00e9 peut offrir : la reconnaissance de leurs luttes, un public plus diversifi\u00e9 et qualifi\u00e9 pour entendre leurs revendications, des r\u00e9seaux de contacts, et ainsi leur donner les moyens de poursuivre leurs objectifs locaux.<\/p>\r\n<\/div>\r\n\r\n\r\n\r\n<div class=\"wp-block-column is-vertically-aligned-center side-column is-layout-flow wp-block-column-is-layout-flow\">\r\n<div class=\"wp-block-cover aligncenter is-style-default coblocks-animate wp-duotone-000097-ff4747-3\" style=\"min-height: 578px;aspect-ratio:unset;\" data-coblocks-animation=\"slideInRight\">\r\n<div class=\"wp-block-cover__inner-container is-layout-flow wp-block-cover-is-layout-flow\">\r\n<div class=\"wp-block-image\">\r\n<figure class=\"aligncenter size-full\"><img loading=\"lazy\" decoding=\"async\" width=\"339\" height=\"356\" class=\"wp-image-4454\" src=\"https:\/\/accesstojusticeamericas.org\/wp-content\/uploads\/2022\/03\/Logo-do-AJA-em-Quatro-Li\u0301nguas.png\" alt=\"\" srcset=\"https:\/\/accesstojusticeamericas.org\/wp-content\/uploads\/2022\/03\/Logo-do-AJA-em-Quatro-Li\u0301nguas.png 339w, https:\/\/accesstojusticeamericas.org\/wp-content\/uploads\/2022\/03\/Logo-do-AJA-em-Quatro-Li\u0301nguas-286x300.png 286w\" sizes=\"auto, (max-width: 339px) 100vw, 339px\" \/><\/figure>\r\n<\/div>\r\n\r\n\r\n\r\n<p class=\"has-text-align-center has-black-color has-text-color\">Nos valeurs incluent l\u2019attention port\u00e9e \u00e0 la diversit\u00e9 g\u00e9ographique et culturelle, la pr\u00e9sence d\u2019articles dans chacune des quatre langues, soutien \u00e0 l\u2019analyse critique et scientifique \u00e0 l\u2019aide d\u2019un cadre th\u00e9orique coh\u00e9rent et de donn\u00e9es pr\u00e9cises, le respect pour le mod\u00e8le d&rsquo;\u00e9valuation aveugle par les pairs et la protection et la promotion du bien-\u00eatre des populations en situation de vuln\u00e9rabilit\u00e9<\/p>\r\n\r\n\r\n<hr class=\"wp-block-separator\" \/>\r\n\r\n\r\n<p class=\"has-text-align-center has-black-color has-text-color\">Notre vision est de faire ce projet une r\u00e9fer\u00e9nce pour un dialogue interculturel et interinstitutionnel de qualit\u00e9 dans le domaine de l&rsquo;acc\u00e8s \u00e0 la justice et de la politique judiciaire dans les Am\u00e9riques.<\/p>\r\n\r\n\r\n<hr class=\"wp-block-separator\" \/>\r\n\r\n\r\n<p class=\"has-text-align-center has-black-color has-text-color\">Notre mission est de promouvoir des publications et des rencontres entre acteurs des diff\u00e9rentes r\u00e9gions et langues de fa\u00e7on horizontale et constructive. Il s\u2019agit \u00e9galement de promouvoir des approches juridiques fond\u00e9es sur la recherche d\u2019\u00e9xperiences concr\u00e8tes, des donn\u00e9es ou des politiques publiques afin de surmonter la domination du dogmatisme juridique traditionnel.<\/p>\r\n\r\n\r\n<hr class=\"wp-block-separator has-text-color has-background has-ast-global-color-8-background-color has-ast-global-color-8-color is-style-default\" \/>\r\n\r\n\r\n<div style=\"display: inline-flex; align-items: center; justify-content: center; color: #000; flex-wrap: wrap; gap: 1em;\">\r\n<div style=\"display: inline-flex; align-items: center; justify-content: center;\"><span style=\"font-family: 'DM Serif Display'; font-size: 69px;\">01<\/span> <span style=\"font: Barlow; font-weight: 600;\">Livre Publi\u00e9<\/span><\/div>\r\n<div style=\"display: inline-flex; align-items: center; justify-content: center;\">\r\n<div style=\"font-family: 'DM Serif Display'; font-size: 69px;\">18<\/div>\r\n<div>Articles<\/div>\r\n<\/div>\r\n<\/div>\r\n<\/div>\r\n<\/div>\r\n<\/div>\r\n<\/div>\r\n\r\n<p>&nbsp;<\/p>\r\n\r\n<h2 class=\"wp-block-heading\" id=\"equipe\">\u00c9quipe<\/h2>\r\n\r\n<p>&nbsp;<\/p>\r\n\r\n<div class=\"wp-block-query is-layout-flow wp-block-query-is-layout-flow\"><ul class=\"is-flex-container columns-2 wp-block-post-template is-layout-flow wp-block-post-template-is-layout-flow\"><li class=\"wp-block-post post-3735 page type-page status-publish has-post-thumbnail hentry page_type-project\">\r\n\r\n<figure class=\"wp-block-post-featured-image\"><a href=\"https:\/\/accesstojusticeamericas.org\/fr\/project\/editors-and-reviewers\/\" target=\"_self\"  ><img loading=\"lazy\" decoding=\"async\" width=\"1024\" height=\"685\" src=\"https:\/\/accesstojusticeamericas.org\/wp-content\/uploads\/2021\/07\/letters-numbers-blocks-691842-1024x685-1.jpg\" class=\"attachment-post-thumbnail size-post-thumbnail wp-post-image\" alt=\"R\u00e9dacteurs et r\u00e9viseurs\" style=\"object-fit:cover;\" srcset=\"https:\/\/accesstojusticeamericas.org\/wp-content\/uploads\/2021\/07\/letters-numbers-blocks-691842-1024x685-1.jpg 1024w, https:\/\/accesstojusticeamericas.org\/wp-content\/uploads\/2021\/07\/letters-numbers-blocks-691842-1024x685-1-300x201.jpg 300w, https:\/\/accesstojusticeamericas.org\/wp-content\/uploads\/2021\/07\/letters-numbers-blocks-691842-1024x685-1-768x514.jpg 768w\" sizes=\"auto, (max-width: 1024px) 100vw, 1024px\" \/><\/a><\/figure>\r\n\r\n\r\n<div class=\"wp-block-spacer\" style=\"height: 20px;\" aria-hidden=\"true\">\u00a0<\/div>\r\n\r\n\r\n<h3 class=\"has-text-align-center wp-block-post-title has-medium-font-size\"><a href=\"https:\/\/accesstojusticeamericas.org\/fr\/project\/editors-and-reviewers\/\" target=\"_self\" >R\u00e9dacteurs et r\u00e9viseurs<\/a><\/h3> <\/li><li class=\"wp-block-post post-3799 page type-page status-publish has-post-thumbnail hentry page_type-project\">\r\n\r\n<figure class=\"wp-block-post-featured-image\"><a href=\"https:\/\/accesstojusticeamericas.org\/fr\/project\/authors\/\" target=\"_self\"  ><img loading=\"lazy\" decoding=\"async\" width=\"1024\" height=\"678\" src=\"https:\/\/accesstojusticeamericas.org\/wp-content\/uploads\/2021\/07\/vintage-typewriter-letters-2608934-1024x678-1.jpg\" class=\"attachment-post-thumbnail size-post-thumbnail wp-post-image\" alt=\"Auteurs et autrices\" style=\"object-fit:cover;\" srcset=\"https:\/\/accesstojusticeamericas.org\/wp-content\/uploads\/2021\/07\/vintage-typewriter-letters-2608934-1024x678-1.jpg 1024w, https:\/\/accesstojusticeamericas.org\/wp-content\/uploads\/2021\/07\/vintage-typewriter-letters-2608934-1024x678-1-300x199.jpg 300w, https:\/\/accesstojusticeamericas.org\/wp-content\/uploads\/2021\/07\/vintage-typewriter-letters-2608934-1024x678-1-768x509.jpg 768w\" sizes=\"auto, (max-width: 1024px) 100vw, 1024px\" \/><\/a><\/figure>\r\n\r\n\r\n<div class=\"wp-block-spacer\" style=\"height: 20px;\" aria-hidden=\"true\">\u00a0<\/div>\r\n\r\n\r\n<h3 class=\"has-text-align-center wp-block-post-title has-medium-font-size\"><a href=\"https:\/\/accesstojusticeamericas.org\/fr\/project\/authors\/\" target=\"_self\" >Auteurs et autrices<\/a><\/h3> <\/li><\/ul><\/div>","protected":false},"excerpt":{"rendered":"<p>L&rsquo;histoire du Projet Acc\u00e8s \u00e0 la Justice dans les Am\u00e9riques L\u2019ide\u00e9 du projet Acess \u00e0 la Justice dans les Am\u00e9riques est n\u00e9e dans le Forum Justice, une organisation br\u00e9silienee qui promeut le dialogue entre les mouvements sociaux, le syst\u00e8me judiciaire e l\u2019acad\u00e9mie autour de politiques qui favorisent la d\u00e9mocratie \u00e0 travers un mod\u00e8le de justice [&hellip;]<\/p>\n","protected":false},"author":6,"featured_media":0,"parent":0,"menu_order":3,"comment_status":"closed","ping_status":"closed","template":"","meta":{"site-sidebar-layout":"default","site-content-layout":"default","ast-site-content-layout":"","site-content-style":"default","site-sidebar-style":"default","ast-global-header-display":"","ast-banner-title-visibility":"","ast-main-header-display":"","ast-hfb-above-header-display":"","ast-hfb-below-header-display":"","ast-hfb-mobile-header-display":"","site-post-title":"","ast-breadcrumbs-content":"","ast-featured-img":"","footer-sml-layout":"","theme-transparent-header-meta":"","adv-header-id-meta":"","stick-header-meta":"","header-above-stick-meta":"","header-main-stick-meta":"","header-below-stick-meta":"","astra-migrate-meta-layouts":"default","ast-page-background-enabled":"default","ast-page-background-meta":{"desktop":{"background-color":"","background-image":"","background-repeat":"repeat","background-position":"center center","background-size":"auto","background-attachment":"scroll","background-type":"","background-media":"","overlay-type":"","overlay-color":"","overlay-opacity":"","overlay-gradient":""},"tablet":{"background-color":"","background-image":"","background-repeat":"repeat","background-position":"center center","background-size":"auto","background-attachment":"scroll","background-type":"","background-media":"","overlay-type":"","overlay-color":"","overlay-opacity":"","overlay-gradient":""},"mobile":{"background-color":"","background-image":"","background-repeat":"repeat","background-position":"center center","background-size":"auto","background-attachment":"scroll","background-type":"","background-media":"","overlay-type":"","overlay-color":"","overlay-opacity":"","overlay-gradient":""}},"ast-content-background-meta":{"desktop":{"background-color":"var(--ast-global-color-5)","background-image":"","background-repeat":"repeat","background-position":"center center","background-size":"auto","background-attachment":"scroll","background-type":"","background-media":"","overlay-type":"","overlay-color":"","overlay-opacity":"","overlay-gradient":""},"tablet":{"background-color":"var(--ast-global-color-5)","background-image":"","background-repeat":"repeat","background-position":"center center","background-size":"auto","background-attachment":"scroll","background-type":"","background-media":"","overlay-type":"","overlay-color":"","overlay-opacity":"","overlay-gradient":""},"mobile":{"background-color":"var(--ast-global-color-5)","background-image":"","background-repeat":"repeat","background-position":"center center","background-size":"auto","background-attachment":"scroll","background-type":"","background-media":"","overlay-type":"","overlay-color":"","overlay-opacity":"","overlay-gradient":""}},"footnotes":""},"institution-":[],"class_list":["post-3780","page","type-page","status-publish","hentry"],"_links":{"self":[{"href":"https:\/\/accesstojusticeamericas.org\/fr\/wp-json\/wp\/v2\/pages\/3780","targetHints":{"allow":["GET"]}}],"collection":[{"href":"https:\/\/accesstojusticeamericas.org\/fr\/wp-json\/wp\/v2\/pages"}],"about":[{"href":"https:\/\/accesstojusticeamericas.org\/fr\/wp-json\/wp\/v2\/types\/page"}],"author":[{"embeddable":true,"href":"https:\/\/accesstojusticeamericas.org\/fr\/wp-json\/wp\/v2\/users\/6"}],"replies":[{"embeddable":true,"href":"https:\/\/accesstojusticeamericas.org\/fr\/wp-json\/wp\/v2\/comments?post=3780"}],"version-history":[{"count":30,"href":"https:\/\/accesstojusticeamericas.org\/fr\/wp-json\/wp\/v2\/pages\/3780\/revisions"}],"predecessor-version":[{"id":4641,"href":"https:\/\/accesstojusticeamericas.org\/fr\/wp-json\/wp\/v2\/pages\/3780\/revisions\/4641"}],"wp:attachment":[{"href":"https:\/\/accesstojusticeamericas.org\/fr\/wp-json\/wp\/v2\/media?parent=3780"}],"wp:term":[{"taxonomy":"page_type","embeddable":true,"href":"https:\/\/accesstojusticeamericas.org\/fr\/wp-json\/wp\/v2\/institution-?post=3780"}],"curies":[{"name":"wp","href":"https:\/\/api.w.org\/{rel}","templated":true}]}}