{"id":3780,"date":"2022-02-26T01:42:07","date_gmt":"2022-02-26T04:42:07","guid":{"rendered":"https:\/\/accesstojusticeamericas.org\/v3\/?page_id=3780"},"modified":"2022-03-23T13:41:17","modified_gmt":"2022-03-23T16:41:17","slug":"project","status":"publish","type":"page","link":"https:\/\/accesstojusticeamericas.org\/es\/project\/","title":{"rendered":"Proyecto"},"content":{"rendered":"<div class=\"wp-block-columns is-layout-flex wp-container-core-columns-is-layout-28f84493 wp-block-columns-is-layout-flex\">\r\n<div class=\"wp-block-column text-justified px-3 is-layout-flow wp-block-column-is-layout-flow\" style=\"flex-basis: 55%;\">\r\n<p>La historia<\/p>\r\n\r\n\r\n\r\n<h2 class=\"wp-block-heading\" id=\"proyecto-acceso-a-la-justicia-en-las-americas\">Proyecto Acceso a la Justicia en las Am\u00e9ricas<\/h2>\r\n\r\n\r\n\r\n<p>La idea del proyecto de Acceso a la Justicia en las Am\u00e9ricas naci\u00f3 en F\u00f3rum Justicia, una organizaci\u00f3n brasilera que promueve el di\u00e1logo entre movimientos sociales, el sistema de justicia y la academia en torno a pol\u00edticas que promuevan la democracia por medio de un modelo de justicia integrador. La propuesta de Acceso a la Justicia en las Am\u00e9ricas fue presentada por primera vez durante el III Seminario Internacional \u201cDemocracia y la Defensor\u00eda P\u00fablica en Am\u00e9rica Latina\u201d, realizado en R\u00edo de Janeiro en 2019 y organizado por el Grupo de Trabajo Ibero Latino-Americano (GT ILA) de FJ. Sin embargo, su contexto hist\u00f3rico comienza en 2015, con la realizaci\u00f3n de dos seminarios internacionales, llevados a cabo en la ciudad de R\u00edo de Janeiro, para discutir \u201cPol\u00edtica judicial latinoamericana en una perspectiva de la Defensor\u00eda P\u00fablica\u201d y \u201cLa Reforma Judicial en Brasil en una perspectiva latinoamericana\u201d. Posteriormente, esta propuesta incluy\u00f3 a otros aliados de Canad\u00e1 e incluy\u00f3 aportes de la comunidad angl\u00f3fona y franc\u00f3fona, convirti\u00e9ndose, de esta forma, en un proyecto de escala escala interamericana.<\/p>\r\n\r\n\r\n\r\n<p>El proyecto es un esfuerzo multicultural que re\u00fane a una red de activistas, profesoras (es), investigadoras (es), abogadas (os), y defensoras (es) p\u00fablicas (os) en las Am\u00e9ricas, que tienen percepciones relevantes sobre las diversas respuestas sociojur\u00eddicas que vienen surgiendo frente a las necesidades de los grupos en situaci\u00f3n de vulnerabilidad, que incluyen la participaci\u00f3n de estos grupos. Queremos analizar las ventajas y limitaciones de los actuales proyectos institucionales, informar sobre las mejores pr\u00e1cticas, ampliar la red de defensores de derechos humanos y proponer soluciones originales para un sistema de justicia accesible.<\/p>\r\n\r\n\r\n\r\n<p>Sin embargo, el proyecto no se trata solamente de la circulaci\u00f3n de conocimiento. Queremos fomentar lazos pol\u00edticos que puedan identificar el campo emergente de la internacionalizaci\u00f3n del acceso a la justicia, pues esta se constituye en una estrategia para llamar la atenci\u00f3n sobre problemas relevantes.<\/p>\r\n\r\n\r\n\r\n<p>El punto principal es potencializar a los actores arraigados en contextos locales, proporcion\u00e1ndoles los recursos que un campo m\u00e1s internacionalizado puede ofrecerles: el reconocimiento de las luchas, un p\u00fablico m\u00e1s diverso y cualificado para escuchar sus demandas, redes de contacto y, con ello, empoderarlos para que persigan sus objetivos locales.<\/p>\r\n<\/div>\r\n\r\n\r\n\r\n<div class=\"wp-block-column is-vertically-aligned-center side-column is-layout-flow wp-block-column-is-layout-flow\">\r\n<div class=\"wp-block-cover aligncenter is-style-default coblocks-animate wp-duotone-000097-ff4747-2\" style=\"min-height: 578px;aspect-ratio:unset;\" data-coblocks-animation=\"slideInRight\">\r\n<div class=\"wp-block-cover__inner-container is-layout-flow wp-block-cover-is-layout-flow\">\r\n<div class=\"wp-block-image\">\r\n<figure class=\"aligncenter size-full\"><img loading=\"lazy\" decoding=\"async\" width=\"339\" height=\"356\" class=\"wp-image-4454\" src=\"https:\/\/accesstojusticeamericas.org\/wp-content\/uploads\/2022\/03\/Logo-do-AJA-em-Quatro-Li\u0301nguas.png\" alt=\"\" srcset=\"https:\/\/accesstojusticeamericas.org\/wp-content\/uploads\/2022\/03\/Logo-do-AJA-em-Quatro-Li\u0301nguas.png 339w, https:\/\/accesstojusticeamericas.org\/wp-content\/uploads\/2022\/03\/Logo-do-AJA-em-Quatro-Li\u0301nguas-286x300.png 286w\" sizes=\"auto, (max-width: 339px) 100vw, 339px\" \/><\/figure>\r\n<\/div>\r\n\r\n\r\n\r\n<p class=\"has-text-align-center has-black-color has-text-color\">Nuestros valores incluyen la atenci\u00f3n a la diversidad geogr\u00e1fica y cultural, la presencia de art\u00edculos en cada uno de los cuatro idiomas, apoyo para an\u00e1lisis cr\u00edticos y cient\u00edficos que utilizan una estructura te\u00f3rica consistente y datos precisos, respeto por el modelo de revisi\u00f3n ciega por pares y la protecci\u00f3n y promoci\u00f3n del bienestar de las poblaciones en situaci\u00f3n de vulnerabilidad.<\/p>\r\n\r\n\r\n<hr class=\"wp-block-separator\" \/>\r\n\r\n\r\n<p class=\"has-text-align-center has-black-color has-text-color\">Nuestra visi\u00f3n es que este proyecto se convierta en una referencia de di\u00e1logo intercultural e interinstitucional de alta calidad en el campo del acceso a la justicia y de la pol\u00edtica judicial en las Am\u00e9ricas.<\/p>\r\n\r\n\r\n<hr class=\"wp-block-separator\" \/>\r\n\r\n\r\n<p class=\"has-text-align-center has-black-color has-text-color\">Nuestra misi\u00f3n es promover publicaciones y encuentros con actores de diferentes regiones e idiomas, de forma horizontal y constructiva. Tambi\u00e9n involucra la promoci\u00f3n de abordajes jur\u00eddicos basados en investigaciones sobre experiencias concretas, datos o pol\u00edticas p\u00fablicas, para superar el dominio del dogmatismo jur\u00eddico tradicional.<\/p>\r\n\r\n\r\n<hr class=\"wp-block-separator has-text-color has-background has-ast-global-color-8-background-color has-ast-global-color-8-color is-style-default\" \/>\r\n\r\n\r\n<div style=\"display: inline-flex; align-items: center; justify-content: center; color: #000; flex-wrap: wrap; gap: 1em;\">\r\n<div style=\"display: inline-flex; align-items: center; justify-content: center;\"><span style=\"font-family: 'DM Serif Display'; font-size: 69px;\">01<\/span> <span style=\"font: Barlow; font-weight: 600;\">Libro Publicado<\/span><\/div>\r\n<div style=\"display: inline-flex; align-items: center; justify-content: center;\">\r\n<div style=\"font-family: 'DM Serif Display'; font-size: 69px;\">18<\/div>\r\n<div>Articulos<\/div>\r\n<\/div>\r\n<\/div>\r\n<\/div>\r\n<\/div>\r\n<\/div>\r\n<\/div>\r\n\r\n<p>&nbsp;<\/p>\r\n\r\n<h2 class=\"wp-block-heading\" id=\"equipo\">Equipo<\/h2>\r\n\r\n<p>&nbsp;<\/p>\r\n\r\n<div class=\"wp-block-query is-layout-flow wp-block-query-is-layout-flow\"><ul class=\"is-flex-container columns-2 wp-block-post-template is-layout-flow wp-block-post-template-is-layout-flow\"><li class=\"wp-block-post post-3735 page type-page status-publish has-post-thumbnail hentry page_type-project\">\r\n\r\n<figure class=\"wp-block-post-featured-image\"><a href=\"https:\/\/accesstojusticeamericas.org\/es\/project\/editors-and-reviewers\/\" target=\"_self\"  ><img loading=\"lazy\" decoding=\"async\" width=\"1024\" height=\"685\" src=\"https:\/\/accesstojusticeamericas.org\/wp-content\/uploads\/2021\/07\/letters-numbers-blocks-691842-1024x685-1.jpg\" class=\"attachment-post-thumbnail size-post-thumbnail wp-post-image\" alt=\"Editores y Revisores\" style=\"object-fit:cover;\" srcset=\"https:\/\/accesstojusticeamericas.org\/wp-content\/uploads\/2021\/07\/letters-numbers-blocks-691842-1024x685-1.jpg 1024w, https:\/\/accesstojusticeamericas.org\/wp-content\/uploads\/2021\/07\/letters-numbers-blocks-691842-1024x685-1-300x201.jpg 300w, https:\/\/accesstojusticeamericas.org\/wp-content\/uploads\/2021\/07\/letters-numbers-blocks-691842-1024x685-1-768x514.jpg 768w\" sizes=\"auto, (max-width: 1024px) 100vw, 1024px\" \/><\/a><\/figure>\r\n\r\n\r\n<div class=\"wp-block-spacer\" style=\"height: 20px;\" aria-hidden=\"true\">\u00a0<\/div>\r\n\r\n\r\n<h3 class=\"has-text-align-center wp-block-post-title has-medium-font-size\"><a href=\"https:\/\/accesstojusticeamericas.org\/es\/project\/editors-and-reviewers\/\" target=\"_self\" >Editores y Revisores<\/a><\/h3><\/li><li class=\"wp-block-post post-3799 page type-page status-publish has-post-thumbnail hentry page_type-project\">\r\n\r\n<figure class=\"wp-block-post-featured-image\"><a href=\"https:\/\/accesstojusticeamericas.org\/es\/project\/authors\/\" target=\"_self\"  ><img loading=\"lazy\" decoding=\"async\" width=\"1024\" height=\"678\" src=\"https:\/\/accesstojusticeamericas.org\/wp-content\/uploads\/2021\/07\/vintage-typewriter-letters-2608934-1024x678-1.jpg\" class=\"attachment-post-thumbnail size-post-thumbnail wp-post-image\" alt=\"Autores y Autoras\" style=\"object-fit:cover;\" srcset=\"https:\/\/accesstojusticeamericas.org\/wp-content\/uploads\/2021\/07\/vintage-typewriter-letters-2608934-1024x678-1.jpg 1024w, https:\/\/accesstojusticeamericas.org\/wp-content\/uploads\/2021\/07\/vintage-typewriter-letters-2608934-1024x678-1-300x199.jpg 300w, https:\/\/accesstojusticeamericas.org\/wp-content\/uploads\/2021\/07\/vintage-typewriter-letters-2608934-1024x678-1-768x509.jpg 768w\" sizes=\"auto, (max-width: 1024px) 100vw, 1024px\" \/><\/a><\/figure>\r\n\r\n\r\n<div class=\"wp-block-spacer\" style=\"height: 20px;\" aria-hidden=\"true\">\u00a0<\/div>\r\n\r\n\r\n<h3 class=\"has-text-align-center wp-block-post-title has-medium-font-size\"><a href=\"https:\/\/accesstojusticeamericas.org\/es\/project\/authors\/\" target=\"_self\" >Autores y Autoras<\/a><\/h3><\/li><\/ul><\/div>","protected":false},"excerpt":{"rendered":"<p>La historia Proyecto Acceso a la Justicia en las Am\u00e9ricas La idea del proyecto de Acceso a la Justicia en las Am\u00e9ricas naci\u00f3 en F\u00f3rum Justicia, una organizaci\u00f3n brasilera que promueve el di\u00e1logo entre movimientos sociales, el sistema de justicia y la academia en torno a pol\u00edticas que promuevan la democracia por medio de un [&hellip;]<\/p>\n","protected":false},"author":6,"featured_media":0,"parent":0,"menu_order":3,"comment_status":"closed","ping_status":"closed","template":"","meta":{"site-sidebar-layout":"default","site-content-layout":"default","ast-site-content-layout":"","site-content-style":"default","site-sidebar-style":"default","ast-global-header-display":"","ast-banner-title-visibility":"","ast-main-header-display":"","ast-hfb-above-header-display":"","ast-hfb-below-header-display":"","ast-hfb-mobile-header-display":"","site-post-title":"","ast-breadcrumbs-content":"","ast-featured-img":"","footer-sml-layout":"","theme-transparent-header-meta":"","adv-header-id-meta":"","stick-header-meta":"","header-above-stick-meta":"","header-main-stick-meta":"","header-below-stick-meta":"","astra-migrate-meta-layouts":"default","ast-page-background-enabled":"default","ast-page-background-meta":{"desktop":{"background-color":"","background-image":"","background-repeat":"repeat","background-position":"center center","background-size":"auto","background-attachment":"scroll","background-type":"","background-media":"","overlay-type":"","overlay-color":"","overlay-opacity":"","overlay-gradient":""},"tablet":{"background-color":"","background-image":"","background-repeat":"repeat","background-position":"center center","background-size":"auto","background-attachment":"scroll","background-type":"","background-media":"","overlay-type":"","overlay-color":"","overlay-opacity":"","overlay-gradient":""},"mobile":{"background-color":"","background-image":"","background-repeat":"repeat","background-position":"center center","background-size":"auto","background-attachment":"scroll","background-type":"","background-media":"","overlay-type":"","overlay-color":"","overlay-opacity":"","overlay-gradient":""}},"ast-content-background-meta":{"desktop":{"background-color":"var(--ast-global-color-5)","background-image":"","background-repeat":"repeat","background-position":"center center","background-size":"auto","background-attachment":"scroll","background-type":"","background-media":"","overlay-type":"","overlay-color":"","overlay-opacity":"","overlay-gradient":""},"tablet":{"background-color":"var(--ast-global-color-5)","background-image":"","background-repeat":"repeat","background-position":"center center","background-size":"auto","background-attachment":"scroll","background-type":"","background-media":"","overlay-type":"","overlay-color":"","overlay-opacity":"","overlay-gradient":""},"mobile":{"background-color":"var(--ast-global-color-5)","background-image":"","background-repeat":"repeat","background-position":"center center","background-size":"auto","background-attachment":"scroll","background-type":"","background-media":"","overlay-type":"","overlay-color":"","overlay-opacity":"","overlay-gradient":""}},"footnotes":""},"institution-":[],"class_list":["post-3780","page","type-page","status-publish","hentry"],"_links":{"self":[{"href":"https:\/\/accesstojusticeamericas.org\/es\/wp-json\/wp\/v2\/pages\/3780","targetHints":{"allow":["GET"]}}],"collection":[{"href":"https:\/\/accesstojusticeamericas.org\/es\/wp-json\/wp\/v2\/pages"}],"about":[{"href":"https:\/\/accesstojusticeamericas.org\/es\/wp-json\/wp\/v2\/types\/page"}],"author":[{"embeddable":true,"href":"https:\/\/accesstojusticeamericas.org\/es\/wp-json\/wp\/v2\/users\/6"}],"replies":[{"embeddable":true,"href":"https:\/\/accesstojusticeamericas.org\/es\/wp-json\/wp\/v2\/comments?post=3780"}],"version-history":[{"count":30,"href":"https:\/\/accesstojusticeamericas.org\/es\/wp-json\/wp\/v2\/pages\/3780\/revisions"}],"predecessor-version":[{"id":4641,"href":"https:\/\/accesstojusticeamericas.org\/es\/wp-json\/wp\/v2\/pages\/3780\/revisions\/4641"}],"wp:attachment":[{"href":"https:\/\/accesstojusticeamericas.org\/es\/wp-json\/wp\/v2\/media?parent=3780"}],"wp:term":[{"taxonomy":"page_type","embeddable":true,"href":"https:\/\/accesstojusticeamericas.org\/es\/wp-json\/wp\/v2\/institution-?post=3780"}],"curies":[{"name":"wp","href":"https:\/\/api.w.org\/{rel}","templated":true}]}}