{"id":3771,"date":"2022-02-25T20:13:36","date_gmt":"2022-02-25T23:13:36","guid":{"rendered":"https:\/\/accesstojusticeamericas.org\/v3\/?page_id=3771"},"modified":"2022-03-24T02:58:48","modified_gmt":"2022-03-24T05:58:48","slug":"library","status":"publish","type":"page","link":"https:\/\/accesstojusticeamericas.org\/es\/library\/","title":{"rendered":"Biblioteca"},"content":{"rendered":"<!-- wp:columns {\"verticalAlignment\":null,\"style\":{\"color\":{\"background\":\"#ececec\"}}} -->\r\n<div class=\"wp-block-columns has-background\" style=\"background-color:#ececec\"><!-- wp:column {\"width\":\"33.33%\",\"className\":\"p-2\"} -->\r\n<div class=\"wp-block-column p-2\" style=\"flex-basis:33.33%\"><!-- wp:image {\"id\":1446,\"width\":308,\"height\":435,\"sizeSlug\":\"large\",\"linkDestination\":\"custom\",\"animation\":\"slideInLeft\"} -->\r\n<figure class=\"wp-block-image size-large is-resized\"><a href=\"https:\/\/drive.google.com\/file\/d\/1vAFSROOxHWQdaqmAN9Fs-TH3JL4pbn1V\/view\" target=\"_blank\" rel=\"noopener\"><img loading=\"lazy\" decoding=\"async\" src=\"https:\/\/accesstojusticeamericas.org\/wp-content\/uploads\/2021\/07\/Capa_page-0001-1-725x1024.jpg\" alt=\"\" class=\"wp-image-1446\" width=\"308\" height=\"435\" srcset=\"https:\/\/accesstojusticeamericas.org\/wp-content\/uploads\/2021\/07\/Capa_page-0001-1-725x1024.jpg 725w, https:\/\/accesstojusticeamericas.org\/wp-content\/uploads\/2021\/07\/Capa_page-0001-1-212x300.jpg 212w, https:\/\/accesstojusticeamericas.org\/wp-content\/uploads\/2021\/07\/Capa_page-0001-1-768x1085.jpg 768w, https:\/\/accesstojusticeamericas.org\/wp-content\/uploads\/2021\/07\/Capa_page-0001-1-1087x1536.jpg 1087w, https:\/\/accesstojusticeamericas.org\/wp-content\/uploads\/2021\/07\/Capa_page-0001-1.jpg 1241w\" sizes=\"auto, (max-width: 308px) 100vw, 308px\" \/><\/a><\/figure>\r\n<!-- \/wp:image --><\/div>\r\n<!-- \/wp:column -->\r\n\r\n<!-- wp:column {\"verticalAlignment\":\"center\",\"width\":\"66.66%\",\"className\":\"p-2\"} -->\r\n<div class=\"wp-block-column is-vertically-aligned-center p-2\" style=\"flex-basis:66.66%\"><!-- wp:heading -->\r\n<h2 id=\"0-current-issue\">Publicaci\u00f3n Actual<\/h2>\r\n<!-- \/wp:heading -->\r\n\r\n<!-- wp:heading {\"level\":3} -->\r\n<h3 id=\"1-challenges-for-the-future-of-access-to-justice\">Desaf\u00edos para el futuro del acceso a la justicia<\/h3>\r\n<!-- \/wp:heading -->\r\n\r\n<!-- wp:paragraph {\"className\":\"text-justified\"} -->\r\n<p class=\"text-justified\">Un consorcio de redes de acad\u00e9micos, defensores p\u00fablicos y activistas de las Am\u00e9ricas ha estado trabajando para reunir diferentes perspectivas sobre el acceso a la justicia para las personas en situaci\u00f3n de vulnerabilidad. Este innovador proyecto tiene como objetivo mapear las discusiones actuales sobre las respuestas legales e institucionales a un amplio espectro de cuestiones, que van desde problemas sociales cr\u00f3nicos hasta crisis humanitarias. Estamos profundamente interesados \u200b\u200ben promover un debate intercontinental que permita un mejor intercambio de conocimientos.<\/p>\r\n<!-- \/wp:paragraph -->\r\n\r\n<!-- wp:buttons {\"className\":\"aja-button\",\"layout\":{\"type\":\"flex\",\"justifyContent\":\"center\",\"flexWrap\":\"nowrap\"}} -->\r\n<div class=\"wp-block-buttons aja-button\"><!-- wp:button {\"backgroundColor\":\"ast-global-color-4\",\"textColor\":\"ast-global-color-8\",\"width\":50,\"align\":\"center\",\"style\":{\"border\":{\"radius\":\"5px\"}},\"className\":\"is-style-shadow w-50 custom-button\",\"fontFamily\":\"Barlow\"} -->\r\n<div class=\"wp-block-button aligncenter has-custom-width wp-block-button__width-50 is-style-shadow w-50 custom-button has-barlow-font-family has-custom-font\" style=\"font-family:Barlow\"><a class=\"wp-block-button__link has-ast-global-color-8-color has-ast-global-color-4-background-color has-text-color has-background\" href=\"https:\/\/drive.google.com\/file\/d\/1vAFSROOxHWQdaqmAN9Fs-TH3JL4pbn1V\/view?usp=sharing\" style=\"border-radius:5px\" target=\"_blank\" rel=\"noreferrer noopener\">DESCARGAR \u2193<\/a><\/div>\r\n<!-- \/wp:button --><\/div>\r\n<!-- \/wp:buttons --><\/div>\r\n<!-- \/wp:column --><\/div>\r\n<!-- \/wp:columns -->\r\n\r\n<!-- wp:heading -->\r\n<h2 id=\"2-latest-videos\">\u00daltimos Videos<\/h2>\r\n<!-- \/wp:heading -->\r\n\r\n<!-- wp:query {\"queryId\":7,\"query\":{\"perPage\":\"99\",\"pages\":0,\"offset\":0,\"postType\":\"post\",\"order\":\"desc\",\"orderBy\":\"date\",\"author\":\"\",\"search\":\"\",\"exclude\":[],\"sticky\":\"\",\"inherit\":false,\"taxQuery\":{\"category\":[84]}},\"displayLayout\":{\"type\":\"flex\",\"columns\":2},\"layout\":{\"inherit\":true}} -->\r\n<div class=\"wp-block-query\"><!-- wp:post-template -->\r\n<!-- wp:post-title {\"textAlign\":\"center\",\"level\":3,\"isLink\":true,\"className\":\"video-title\",\"fontSize\":\"medium\"} \/-->\r\n\r\n<!-- wp:post-date {\"textAlign\":\"center\",\"className\":\"video-date\",\"fontSize\":\"small\"} \/-->\r\n\r\n<!-- wp:post-content {\"className\":\"video-content\",\"layout\":{\"inherit\":true}} \/-->\r\n<!-- \/wp:post-template --><\/div>\r\n<!-- \/wp:query -->\r\n\r\n<!-- wp:heading -->\r\n<h2 id=\"3-latest-reports\">\u00daltimos Informes<\/h2>\r\n<!-- \/wp:heading -->\r\n\r\n<!-- wp:query {\"queryId\":24,\"query\":{\"perPage\":3,\"pages\":0,\"offset\":0,\"postType\":\"post\",\"order\":\"desc\",\"orderBy\":\"date\",\"author\":\"\",\"search\":\"\",\"exclude\":[],\"sticky\":\"\",\"inherit\":false,\"taxQuery\":{\"category\":[85]}},\"layout\":{\"inherit\":true}} -->\r\n<div class=\"wp-block-query\"><!-- wp:post-template -->\r\n<!-- wp:post-title {\"level\":3,\"isLink\":true} \/-->\r\n\r\n<!-- wp:post-date {\"isLink\":true} \/-->\r\n\r\n<!-- wp:post-excerpt \/--><\/div>\r\n<!-- \/wp:column --><\/div>\r\n<!-- \/wp:columns -->\r\n<!-- \/wp:post-template --><\/div>\r\n<!-- \/wp:query -->","protected":false},"excerpt":{"rendered":"<p>Publicaci\u00f3n Actual Desaf\u00edos para el futuro del acceso a la justicia Un consorcio de redes de acad\u00e9micos, defensores p\u00fablicos y activistas de las Am\u00e9ricas ha estado trabajando para reunir diferentes perspectivas sobre el acceso a la justicia para las personas en situaci\u00f3n de vulnerabilidad. Este innovador proyecto tiene como objetivo mapear las discusiones actuales sobre [&hellip;]<\/p>\n","protected":false},"author":6,"featured_media":0,"parent":0,"menu_order":5,"comment_status":"closed","ping_status":"closed","template":"","meta":{"site-sidebar-layout":"default","site-content-layout":"default","ast-site-content-layout":"","site-content-style":"default","site-sidebar-style":"default","ast-global-header-display":"","ast-banner-title-visibility":"","ast-main-header-display":"","ast-hfb-above-header-display":"","ast-hfb-below-header-display":"","ast-hfb-mobile-header-display":"","site-post-title":"","ast-breadcrumbs-content":"","ast-featured-img":"","footer-sml-layout":"","theme-transparent-header-meta":"","adv-header-id-meta":"","stick-header-meta":"","header-above-stick-meta":"","header-main-stick-meta":"","header-below-stick-meta":"","astra-migrate-meta-layouts":"default","ast-page-background-enabled":"default","ast-page-background-meta":{"desktop":{"background-color":"","background-image":"","background-repeat":"repeat","background-position":"center center","background-size":"auto","background-attachment":"scroll","background-type":"","background-media":"","overlay-type":"","overlay-color":"","overlay-opacity":"","overlay-gradient":""},"tablet":{"background-color":"","background-image":"","background-repeat":"repeat","background-position":"center center","background-size":"auto","background-attachment":"scroll","background-type":"","background-media":"","overlay-type":"","overlay-color":"","overlay-opacity":"","overlay-gradient":""},"mobile":{"background-color":"","background-image":"","background-repeat":"repeat","background-position":"center center","background-size":"auto","background-attachment":"scroll","background-type":"","background-media":"","overlay-type":"","overlay-color":"","overlay-opacity":"","overlay-gradient":""}},"ast-content-background-meta":{"desktop":{"background-color":"var(--ast-global-color-5)","background-image":"","background-repeat":"repeat","background-position":"center center","background-size":"auto","background-attachment":"scroll","background-type":"","background-media":"","overlay-type":"","overlay-color":"","overlay-opacity":"","overlay-gradient":""},"tablet":{"background-color":"var(--ast-global-color-5)","background-image":"","background-repeat":"repeat","background-position":"center center","background-size":"auto","background-attachment":"scroll","background-type":"","background-media":"","overlay-type":"","overlay-color":"","overlay-opacity":"","overlay-gradient":""},"mobile":{"background-color":"var(--ast-global-color-5)","background-image":"","background-repeat":"repeat","background-position":"center center","background-size":"auto","background-attachment":"scroll","background-type":"","background-media":"","overlay-type":"","overlay-color":"","overlay-opacity":"","overlay-gradient":""}},"footnotes":""},"institution-":[],"class_list":["post-3771","page","type-page","status-publish","hentry"],"_links":{"self":[{"href":"https:\/\/accesstojusticeamericas.org\/es\/wp-json\/wp\/v2\/pages\/3771","targetHints":{"allow":["GET"]}}],"collection":[{"href":"https:\/\/accesstojusticeamericas.org\/es\/wp-json\/wp\/v2\/pages"}],"about":[{"href":"https:\/\/accesstojusticeamericas.org\/es\/wp-json\/wp\/v2\/types\/page"}],"author":[{"embeddable":true,"href":"https:\/\/accesstojusticeamericas.org\/es\/wp-json\/wp\/v2\/users\/6"}],"replies":[{"embeddable":true,"href":"https:\/\/accesstojusticeamericas.org\/es\/wp-json\/wp\/v2\/comments?post=3771"}],"version-history":[{"count":55,"href":"https:\/\/accesstojusticeamericas.org\/es\/wp-json\/wp\/v2\/pages\/3771\/revisions"}],"predecessor-version":[{"id":4652,"href":"https:\/\/accesstojusticeamericas.org\/es\/wp-json\/wp\/v2\/pages\/3771\/revisions\/4652"}],"wp:attachment":[{"href":"https:\/\/accesstojusticeamericas.org\/es\/wp-json\/wp\/v2\/media?parent=3771"}],"wp:term":[{"taxonomy":"page_type","embeddable":true,"href":"https:\/\/accesstojusticeamericas.org\/es\/wp-json\/wp\/v2\/institution-?post=3771"}],"curies":[{"name":"wp","href":"https:\/\/api.w.org\/{rel}","templated":true}]}}